{"id":1117,"date":"2026-02-27T08:47:05","date_gmt":"2026-02-27T07:47:05","guid":{"rendered":"https:\/\/l2a-speedfly.fr\/?page_id=1117"},"modified":"2026-03-23T15:22:28","modified_gmt":"2026-03-23T14:22:28","slug":"ffvl","status":"publish","type":"page","link":"https:\/\/l2a-speedfly.fr\/en\/ffvl\/","title":{"rendered":"FFVL"},"content":{"rendered":"\n<div class=\"wp-block-essential-blocks-advanced-heading  root-eb-advance-heading-tko1x\"><div class=\"eb-parent-wrapper eb-parent-eb-advance-heading-tko1x \"><div class=\"eb-advance-heading-wrapper eb-advance-heading-tko1x button-1 undefined\" data-id=\"eb-advance-heading-tko1x\"><h2 class=\"eb-ah-title\"><span class=\"first-title\">Affiliation \u00e0 la FFVL, pourquoi ?<\/span><\/h2><\/div><\/div><\/div>\n\n\n\n<div class=\"wp-block-essential-blocks-accordion  root-eb-accordion-lzs60\"><div class=\"eb-parent-wrapper eb-parent-eb-accordion-lzs60 \"><div class=\"eb-accordion-container eb-accordion-lzs60\" data-accordion-type=\"accordion\" data-tab-icon=\"dashicons-plus-alt2\" data-expanded-icon=\"dashicons-minus\" data-transition-duration=\"500\"><div class=\"eb-accordion-inner\">\n<div class=\"wp-block-essential-blocks-accordion-item eb-accordion-item-7gl41 eb-accordion-wrapper\" data-clickable=\"true\"><div class=\"eb-accordion-title-wrapper eb-accordion-title-wrapper-eb-accordion-lzs60\" tabindex=\"0\"><span class=\"eb-accordion-icon-wrapper eb-accordion-icon-wrapper-eb-accordion-lzs60\"><span class=\"dashicon dashicons dashicons-plus-alt2 eb-accordion-icon\"><\/span><\/span><div class=\"eb-accordion-title-content-wrap title-content-eb-accordion-lzs60\"><h3 class=\"eb-accordion-title\">Besoin d&rsquo;affiliation<\/h3><\/div><\/div><div class=\"eb-accordion-content-wrapper eb-accordion-content-wrapper-eb-accordion-lzs60\"><div class=\"eb-accordion-content\">\n<p>Pour nous, \u00eatre affili\u00e9 \u00e0 la FFVL traduit un besoin :<br><br>&#8211; De structuration de la pratique dans la station<br>&#8211; De soutient officiel vis-\u00e0-vis des structures locales<br>&#8211; De faire partie d&rsquo;une plus grande famille<\/p>\n<\/div><\/div><\/div>\n\n\n\n<div class=\"wp-block-essential-blocks-accordion-item eb-accordion-item-twdhz eb-accordion-wrapper\" data-clickable=\"false\"><div class=\"eb-accordion-title-wrapper eb-accordion-title-wrapper-eb-accordion-lzs60\" tabindex=\"0\"><span class=\"eb-accordion-icon-wrapper eb-accordion-icon-wrapper-eb-accordion-lzs60\"><span class=\"dashicon dashicons dashicons-plus-alt2 eb-accordion-icon\"><\/span><\/span><div class=\"eb-accordion-title-content-wrap title-content-eb-accordion-lzs60\"><h3 class=\"eb-accordion-title\">Objectif de l&rsquo;association L2A Speedfly<\/h3><\/div><\/div><div class=\"eb-accordion-content-wrapper eb-accordion-content-wrapper-eb-accordion-lzs60\"><div class=\"eb-accordion-content\">\n<p>P\u00e9renniser la pratique dans la station des 2 Alpes (voler toute l&rsquo;ann\u00e9e, ou presque)<\/p>\n<\/div><\/div><\/div>\n\n\n\n<div class=\"wp-block-essential-blocks-accordion-item eb-accordion-item-bqkpm eb-accordion-wrapper\" data-clickable=\"false\"><div class=\"eb-accordion-title-wrapper eb-accordion-title-wrapper-eb-accordion-lzs60\" tabindex=\"0\"><span class=\"eb-accordion-icon-wrapper eb-accordion-icon-wrapper-eb-accordion-lzs60\"><span class=\"dashicon dashicons dashicons-plus-alt2 eb-accordion-icon\"><\/span><\/span><div class=\"eb-accordion-title-content-wrap title-content-eb-accordion-lzs60\"><h3 class=\"eb-accordion-title\">Moyens de l&rsquo;association L2A Speedfly<\/h3><\/div><\/div><div class=\"eb-accordion-content-wrapper eb-accordion-content-wrapper-eb-accordion-lzs60\"><div class=\"eb-accordion-content\">\n<p>&#8211; Rencontrer officiellement les acteurs locaux<br>&#8211; Sensibiliser aux bonnes pratiques<br>&#8211; Organiser des \u00e9v\u00e9nements officiels<br>&#8211; Participer \u00e0 des \u00e9v\u00e9nements de la station<br>&#8211; Participer \u00e0 votre progression de pilote (pr\u00e9paration aux brevets)<br>&#8211; R\u00e9aliser diff\u00e9rents projets (station m\u00e9t\u00e9o \u00e0 l&rsquo;atterrissage de V\u00e9nosc, panneaux d&rsquo;affichages d\u00e9di\u00e9s, etc.)<br>&#8211; Mieux vous informer (assurances, pratiques, \u00e9v\u00e9nements)<\/p>\n<\/div><\/div><\/div>\n<\/div><\/div><\/div><\/div>\n\n\n\n<div style=\"height:100px\" aria-hidden=\"true\" class=\"wp-block-spacer\"><\/div>\n\n\n\n<div class=\"wp-block-essential-blocks-advanced-heading  root-eb-advance-heading-7zkht\"><div class=\"eb-parent-wrapper eb-parent-eb-advance-heading-7zkht \"><div class=\"eb-advance-heading-wrapper eb-advance-heading-7zkht button-1 undefined\" data-id=\"eb-advance-heading-7zkht\"><h2 class=\"eb-ah-title\"><span class=\"first-title\">FFVL &#8211; ses articles en lien avec la mini-voile<\/span><\/h2><\/div><\/div><\/div>\n\n\n<div class=\"root-eb-post-carousel-aqu0k wp-block-essential-blocks-post-carousel\">\n    <div class=\"eb-parent-wrapper eb-parent-eb-post-carousel-aqu0k \">\n        <div class=\"eb-post-carousel-aqu0k style-2 slick-arrows equal-height dot-style-1 eb-post-carousel-wrapper\"\n            data-id=\"eb-post-carousel-aqu0k\"\n            data-querydata=\"a:13:{s:6:&quot;source&quot;;s:4:&quot;post&quot;;s:11:&quot;sourceIndex&quot;;i:0;s:9:&quot;rest_base&quot;;s:5:&quot;posts&quot;;s:14:&quot;rest_namespace&quot;;s:5:&quot;wp\/v2&quot;;s:6:&quot;author&quot;;s:0:&quot;&quot;;s:10:&quot;taxonomies&quot;;a:0:{}s:8:&quot;per_page&quot;;s:1:&quot;6&quot;;s:6:&quot;offset&quot;;s:1:&quot;0&quot;;s:7:&quot;orderby&quot;;s:4:&quot;date&quot;;s:5:&quot;order&quot;;s:4:&quot;desc&quot;;s:7:&quot;include&quot;;s:0:&quot;&quot;;s:7:&quot;exclude&quot;;s:0:&quot;&quot;;s:15:&quot;exclude_current&quot;;b:0;}\"\n            data-slidersettings=\"{&quot;arrows&quot;:true,&quot;dots&quot;:true,&quot;autoplaySpeed&quot;:3000,&quot;speed&quot;:500,&quot;adaptiveHeight&quot;:true,&quot;autoplay&quot;:false,&quot;infinite&quot;:true,&quot;pauseOnHover&quot;:false,&quot;slideToShowRange&quot;:4,&quot;leftArrowIcon&quot;:&quot;fas fa-chevron-circle-left&quot;,&quot;rightArrowIcon&quot;:&quot;fas fa-chevron-circle-right&quot;,&quot;addIcon&quot;:false,&quot;showFallbackImg&quot;:false,&quot;fallbackImgUrl&quot;:&quot;&quot;,&quot;isRTLEnable&quot;:false,&quot;TABslideToShowRange&quot;:2,&quot;MOBslideToShowRange&quot;:1}\"\n            data-attributes=\"{&quot;preset&quot;:&quot;style-2&quot;,&quot;showThumbnail&quot;:false,&quot;showTitle&quot;:true,&quot;titleLength&quot;:&quot;10&quot;,&quot;titleTag&quot;:&quot;h2&quot;,&quot;showContent&quot;:true,&quot;contentLength&quot;:20,&quot;expansionIndicator&quot;:&quot;...&quot;,&quot;showReadMore&quot;:false,&quot;readmoreText&quot;:&quot;Read More&quot;,&quot;showMeta&quot;:true,&quot;headerMeta&quot;:&quot;[{\\&quot;value\\&quot;:\\&quot;date\\&quot;,\\&quot;label\\&quot;:\\&quot;Published Date\\&quot;}]&quot;,&quot;footerMeta&quot;:&quot;[]&quot;,&quot;authorPrefix&quot;:&quot;by&quot;,&quot;datePrefix&quot;:&quot;on&quot;,&quot;showBlockContent&quot;:true,&quot;leftArrowIcon&quot;:&quot;fas fa-chevron-circle-left&quot;,&quot;rightArrowIcon&quot;:&quot;fas fa-chevron-circle-right&quot;,&quot;showFallbackImg&quot;:false,&quot;isRTLEnable&quot;:false}\">\n\n            <div class=\"eb-post-carousel init-eb-post-carousel-aqu0k\"\n                data-id=\"eb-post-carousel-aqu0k\">\n                <article class=\"ebpg-carousel-post ebpg-post-carousel-column\" data-id=\"1147\"><div class=\"ebpg-carousel-post-holder\"><div class=\"ebpg-entry-wrapper\"><div class=\"ebpg-entry-meta ebpg-header-meta\"><div class=\"ebpg-entry-meta-items\"><span class=\"ebpg-posted-on\">\n            on <time dateTime=\"2026-02-14T20:00:00+01:00\">14 February 2026<\/time>\n        <\/span><\/div><\/div><header class=\"ebpg-entry-header\">\n            <h2 class=\"ebpg-entry-title\">\n                <a class=\"ebpg-carousel-post-link\" href=\"https:\/\/l2a-speedfly.fr\/en\/ffvl-mini-voile-parakite-securite-formation-retours-dexperience\/\" title=\"ffvl-mini-voileparakite:scuritformationretoursdexprience\">FFVL &#8211; Mini-voile \/ Parakite : s\u00e9curit\u00e9, formation, retours d\u2019exp\u00e9rience<\/a>\n            <\/h2>\n        <\/header><div class=\"ebpg-entry-content\"><div class=\"ebpg-carousel-post-excerpt\">\n            <p>La mini-voile regroupe plusieurs disciplines du vol libre caract\u00e9ris\u00e9es par des ailes plus petites, plus rapides et plus dynamiques que&#8230;<\/p>\n        <\/div><\/div><div class=\"ebpg-entry-meta ebpg-footer-meta\"><div class=\"ebpg-entry-meta-items\"><\/div><\/div><\/div><\/div><\/article><article class=\"ebpg-carousel-post ebpg-post-carousel-column\" data-id=\"1141\"><div class=\"ebpg-carousel-post-holder\"><div class=\"ebpg-entry-wrapper\"><div class=\"ebpg-entry-meta ebpg-header-meta\"><div class=\"ebpg-entry-meta-items\"><span class=\"ebpg-posted-on\">\n            on <time dateTime=\"2026-02-13T20:00:00+01:00\">13 February 2026<\/time>\n        <\/span><\/div><\/div><header class=\"ebpg-entry-header\">\n            <h2 class=\"ebpg-entry-title\">\n                <a class=\"ebpg-carousel-post-link\" href=\"https:\/\/l2a-speedfly.fr\/en\/ffvl-le-cadre-de-pratique-du-speed-riding\/\" title=\"ffvl-lecadredepratiqueduspeedriding\">FFVL &#8211; Le cadre de pratique du speed riding<\/a>\n            <\/h2>\n        <\/header><div class=\"ebpg-entry-content\"><div class=\"ebpg-carousel-post-excerpt\">\n            <p>La FFVL continue sa d\u00e9finition des nouvelles pratiques telles que le Speed Flying, Speed Riding, Parakite.Plus de d\u00e9tails sur la&#8230;<\/p>\n        <\/div><\/div><div class=\"ebpg-entry-meta ebpg-footer-meta\"><div class=\"ebpg-entry-meta-items\"><\/div><\/div><\/div><\/div><\/article><article class=\"ebpg-carousel-post ebpg-post-carousel-column\" data-id=\"1145\"><div class=\"ebpg-carousel-post-holder\"><div class=\"ebpg-entry-wrapper\"><div class=\"ebpg-entry-meta ebpg-header-meta\"><div class=\"ebpg-entry-meta-items\"><span class=\"ebpg-posted-on\">\n            on <time dateTime=\"2025-07-21T20:00:00+02:00\">21 July 2025<\/time>\n        <\/span><\/div><\/div><header class=\"ebpg-entry-header\">\n            <h2 class=\"ebpg-entry-title\">\n                <a class=\"ebpg-carousel-post-link\" href=\"https:\/\/l2a-speedfly.fr\/en\/ffvl-ucc-enseignement-speed-riding\/\" title=\"ffvl-uccenseignementspeed-riding\">FFVL &#8211; Ucc enseignement Speed-Riding<\/a>\n            <\/h2>\n        <\/header><div class=\"ebpg-entry-content\"><div class=\"ebpg-carousel-post-excerpt\">\n            <p>La FFVL a mis en place une progression p\u00e9dagogique sp\u00e9cifique au speed riding.Plus de d\u00e9tails sur la page de la&#8230;<\/p>\n        <\/div><\/div><div class=\"ebpg-entry-meta ebpg-footer-meta\"><div class=\"ebpg-entry-meta-items\"><\/div><\/div><\/div><\/div><\/article><article class=\"ebpg-carousel-post ebpg-post-carousel-column\" data-id=\"1159\"><div class=\"ebpg-carousel-post-holder\"><div class=\"ebpg-entry-wrapper\"><div class=\"ebpg-entry-meta ebpg-header-meta\"><div class=\"ebpg-entry-meta-items\"><span class=\"ebpg-posted-on\">\n            on <time dateTime=\"2025-05-23T22:00:00+02:00\">23 May 2025<\/time>\n        <\/span><\/div><\/div><header class=\"ebpg-entry-header\">\n            <h2 class=\"ebpg-entry-title\">\n                <a class=\"ebpg-carousel-post-link\" href=\"https:\/\/l2a-speedfly.fr\/en\/ffvl-presentation-cadre-et-enseignement-du-speedriding\/\" title=\"ffvl-prsentationcadreetenseignementduspeedriding\">FFVL &#8211; Pr\u00e9sentation, cadre et enseignement du Speedriding<\/a>\n            <\/h2>\n        <\/header><div class=\"ebpg-entry-content\"><div class=\"ebpg-carousel-post-excerpt\">\n            <p>Plus de d\u00e9tails sur la page d\u00e9di\u00e9e de la FFVL&#8230;.<\/p>\n        <\/div><\/div><div class=\"ebpg-entry-meta ebpg-footer-meta\"><div class=\"ebpg-entry-meta-items\"><\/div><\/div><\/div><\/div><\/article>            <\/div>\n        <\/div>\n    <\/div>\n<\/div>\n\n\n<div style=\"height:100px\" aria-hidden=\"true\" class=\"wp-block-spacer\"><\/div>\n","protected":false},"excerpt":{"rendered":"","protected":false},"author":1,"featured_media":0,"parent":0,"menu_order":0,"comment_status":"closed","ping_status":"closed","template":"","meta":{"_eb_attr":"","_monsterinsights_skip_tracking":false,"_monsterinsights_sitenote_active":false,"_monsterinsights_sitenote_note":"","_monsterinsights_sitenote_category":0,"neve_meta_sidebar":"","neve_meta_container":"","neve_meta_enable_content_width":"","neve_meta_content_width":0,"neve_meta_title_alignment":"","neve_meta_author_avatar":"","neve_post_elements_order":"","neve_meta_disable_header":"","neve_meta_disable_footer":"","neve_meta_disable_title":"","footnotes":""},"class_list":["post-1117","page","type-page","status-publish","hentry"],"_links":{"self":[{"href":"https:\/\/l2a-speedfly.fr\/en\/wp-json\/wp\/v2\/pages\/1117","targetHints":{"allow":["GET"]}}],"collection":[{"href":"https:\/\/l2a-speedfly.fr\/en\/wp-json\/wp\/v2\/pages"}],"about":[{"href":"https:\/\/l2a-speedfly.fr\/en\/wp-json\/wp\/v2\/types\/page"}],"author":[{"embeddable":true,"href":"https:\/\/l2a-speedfly.fr\/en\/wp-json\/wp\/v2\/users\/1"}],"replies":[{"embeddable":true,"href":"https:\/\/l2a-speedfly.fr\/en\/wp-json\/wp\/v2\/comments?post=1117"}],"version-history":[{"count":22,"href":"https:\/\/l2a-speedfly.fr\/en\/wp-json\/wp\/v2\/pages\/1117\/revisions"}],"predecessor-version":[{"id":1168,"href":"https:\/\/l2a-speedfly.fr\/en\/wp-json\/wp\/v2\/pages\/1117\/revisions\/1168"}],"wp:attachment":[{"href":"https:\/\/l2a-speedfly.fr\/en\/wp-json\/wp\/v2\/media?parent=1117"}],"curies":[{"name":"wp","href":"https:\/\/api.w.org\/{rel}","templated":true}]}}